{"id":80,"date":"2020-12-03T02:04:11","date_gmt":"2020-12-03T01:04:11","guid":{"rendered":"http:\/\/hof-thiessen.localhost\/?page_id=80"},"modified":"2026-01-20T10:34:33","modified_gmt":"2026-01-20T09:34:33","slug":"startseite","status":"publish","type":"page","link":"https:\/\/hof-thiessen.de\/","title":{"rendered":"Willkommen auf Hof Thie\u00dfen!"},"content":{"rendered":"\n<p class=\"has-text-align-center has-vivid-red-color has-text-color\"><a href=\"https:\/\/hof-thiessen.de\/index.php\/blog\/\">Jobs<\/a><\/p>\n\n\n\n<p>Unser Bauernhof liegt mitten in Borstel-Hohenraden, gegen\u00fcber der Schule, an der Quickborner Stra\u00dfe Nr. 92. Nur 20 Minuten von der Hamburger City entfernt.<\/p>\n\n\n\n<p>Wir sind ein konventionell wirtschaftender Familienbetrieb, der preiswerte und qualitativ einwandfreie Milch produziert. <\/p>\n\n\n\n<p>In unseren modernen St\u00e4llen halten wir 480 Milchk\u00fche und bauen f\u00fcr unsere Tiere &nbsp;Mais, Gras und R\u00fcben an.<\/p>\n\n\n\n<p>Wir produzieren Strom mit einer Biogasanlage die mit G\u00fclle l\u00e4uft und zwei Photovoltaikanlagen.<\/p>\n\n\n\n<p>Um unseren Hof zu besichtigen buchen Sie bitte eine Hoff\u00fchrung.                                        Ansonsten ist am Stoppschild bitte Stopp! Hier fahren gro\u00dfe Maschinen und LKW`s unangemeldet kann es zu Unf\u00e4llen kommen.<\/p>\n\n\n\n<p>Wir haben unsere Hofautomaten erweitert: Den Regiomaten haben wir verdoppelt und Frosti, einen Eisautomaten aufgestellt.  Lesen Sie mehr unter <a href=\"http:\/\/hof-thiessen.de\/index.php\/hofautomat-24-7\/\" data-type=\"page\" data-id=\"110\">Hof Automaten 24\/7<\/a><\/p>\n\n\n\n<p>Welche M\u00f6glichkeiten unser Hof Ihnen bietet und einige wichtige Daten und Fakten finden Sie unter&nbsp; <a href=\"http:\/\/hof-thiessen.de\/index.php\/der-hof\/\" data-type=\"page\" data-id=\"81\">Der Hof<\/a><\/p>\n\n\n\n<p>Kindergeburtstage, klassische Hoff\u00fchrungen, Seminare zum Thema Hund, Partys, Tag des offenen Hofes: manchmal ist bei uns ganz sch\u00f6n was los. Mehr unter <a href=\"http:\/\/hof-thiessen.de\/index.php\/hoffuehrung\/\" data-type=\"page\" data-id=\"107\">Bauernhof-Erlebnisse<\/a>.<\/p>\n\n\n\n<p class=\"has-vivid-red-color has-text-color\">Von November bis Februar finden keine Kindergeburtstage statt!<\/p>\n\n\n\n<p>Die Kl\u00fcterkamer in der wir uns daf\u00fcr aufhalten ist nahezu im Originalzustand von 1911 und daher nicht ged\u00e4mmt. Bitte buchen Sie rechtzeitg ihren Wunschtermin, gerne per mail an anne@hof-thiessen.de<\/p>\n\n\n\n<figure class=\"wp-block-gallery columns-1 is-cropped\"><ul class=\"blocks-gallery-grid\"><li class=\"blocks-gallery-item\"><figure><img loading=\"lazy\" width=\"641\" height=\"1024\" src=\"https:\/\/hof-thiessen.de\/wp-content\/uploads\/2026\/01\/Seite-1-641x1024.jpg\" alt=\"\" data-id=\"594\" data-link=\"https:\/\/hof-thiessen.de\/index.php\/startseite\/seite-1\/\" class=\"wp-image-594\" srcset=\"https:\/\/hof-thiessen.de\/wp-content\/uploads\/2026\/01\/Seite-1-641x1024.jpg 641w, https:\/\/hof-thiessen.de\/wp-content\/uploads\/2026\/01\/Seite-1-188x300.jpg 188w, https:\/\/hof-thiessen.de\/wp-content\/uploads\/2026\/01\/Seite-1-768x1227.jpg 768w, https:\/\/hof-thiessen.de\/wp-content\/uploads\/2026\/01\/Seite-1-961x1536.jpg 961w, https:\/\/hof-thiessen.de\/wp-content\/uploads\/2026\/01\/Seite-1-1281x2048.jpg 1281w, https:\/\/hof-thiessen.de\/wp-content\/uploads\/2026\/01\/Seite-1.jpg 1374w\" sizes=\"(max-width: 641px) 100vw, 641px\" \/><\/figure><\/li><\/ul><\/figure>\n\n\n\n<figure class=\"wp-block-gallery columns-1 is-cropped\"><ul class=\"blocks-gallery-grid\"><li class=\"blocks-gallery-item\"><figure><img loading=\"lazy\" width=\"711\" height=\"1024\" src=\"https:\/\/hof-thiessen.de\/wp-content\/uploads\/2026\/01\/Seite-2-2-711x1024.jpg\" alt=\"\" data-id=\"598\" data-full-url=\"https:\/\/hof-thiessen.de\/wp-content\/uploads\/2026\/01\/Seite-2-2.jpg\" data-link=\"https:\/\/hof-thiessen.de\/index.php\/startseite\/seite-2-2\/\" class=\"wp-image-598\" srcset=\"https:\/\/hof-thiessen.de\/wp-content\/uploads\/2026\/01\/Seite-2-2-711x1024.jpg 711w, https:\/\/hof-thiessen.de\/wp-content\/uploads\/2026\/01\/Seite-2-2-208x300.jpg 208w, https:\/\/hof-thiessen.de\/wp-content\/uploads\/2026\/01\/Seite-2-2-768x1106.jpg 768w, https:\/\/hof-thiessen.de\/wp-content\/uploads\/2026\/01\/Seite-2-2-1067x1536.jpg 1067w, https:\/\/hof-thiessen.de\/wp-content\/uploads\/2026\/01\/Seite-2-2-1422x2048.jpg 1422w, https:\/\/hof-thiessen.de\/wp-content\/uploads\/2026\/01\/Seite-2-2.jpg 1564w\" sizes=\"(max-width: 711px) 100vw, 711px\" \/><\/figure><\/li><\/ul><\/figure>\n\n\n\n<figure class=\"wp-block-image size-large\"><img loading=\"lazy\" width=\"717\" height=\"1024\" src=\"https:\/\/hof-thiessen.de\/wp-content\/uploads\/2026\/01\/Seite-3-1-717x1024.jpg\" alt=\"\" class=\"wp-image-599\" srcset=\"https:\/\/hof-thiessen.de\/wp-content\/uploads\/2026\/01\/Seite-3-1-717x1024.jpg 717w, https:\/\/hof-thiessen.de\/wp-content\/uploads\/2026\/01\/Seite-3-1-210x300.jpg 210w, https:\/\/hof-thiessen.de\/wp-content\/uploads\/2026\/01\/Seite-3-1-768x1097.jpg 768w, https:\/\/hof-thiessen.de\/wp-content\/uploads\/2026\/01\/Seite-3-1-1076x1536.jpg 1076w, https:\/\/hof-thiessen.de\/wp-content\/uploads\/2026\/01\/Seite-3-1-1434x2048.jpg 1434w, https:\/\/hof-thiessen.de\/wp-content\/uploads\/2026\/01\/Seite-3-1.jpg 1577w\" sizes=\"(max-width: 717px) 100vw, 717px\" \/><\/figure>\n\n\n\n<p><\/p>\n","protected":false},"excerpt":{"rendered":"<p>Jobs Unser Bauernhof liegt mitten in Borstel-Hohenraden, gegen\u00fcber der Schule, an der Quickborner Stra\u00dfe Nr. 92. Nur 20 Minuten von der Hamburger City entfernt. Wir sind ein konventionell wirtschaftender Familienbetrieb, der preiswerte und qualitativ einwandfreie Milch produziert. In unseren modernen St\u00e4llen halten wir 480 Milchk\u00fche und bauen f\u00fcr unsere Tiere &nbsp;Mais, Gras und R\u00fcben an. &hellip; <\/p>\n<p class=\"link-more\"><a href=\"https:\/\/hof-thiessen.de\/\" class=\"more-link\"><span class=\"screen-reader-text\">\u201eWillkommen auf Hof Thie\u00dfen!\u201c<\/span> weiterlesen<\/a><\/p>\n","protected":false},"author":1,"featured_media":0,"parent":0,"menu_order":0,"comment_status":"closed","ping_status":"closed","template":"","meta":[],"_links":{"self":[{"href":"https:\/\/hof-thiessen.de\/index.php\/wp-json\/wp\/v2\/pages\/80"}],"collection":[{"href":"https:\/\/hof-thiessen.de\/index.php\/wp-json\/wp\/v2\/pages"}],"about":[{"href":"https:\/\/hof-thiessen.de\/index.php\/wp-json\/wp\/v2\/types\/page"}],"author":[{"embeddable":true,"href":"https:\/\/hof-thiessen.de\/index.php\/wp-json\/wp\/v2\/users\/1"}],"replies":[{"embeddable":true,"href":"https:\/\/hof-thiessen.de\/index.php\/wp-json\/wp\/v2\/comments?post=80"}],"version-history":[{"count":23,"href":"https:\/\/hof-thiessen.de\/index.php\/wp-json\/wp\/v2\/pages\/80\/revisions"}],"predecessor-version":[{"id":600,"href":"https:\/\/hof-thiessen.de\/index.php\/wp-json\/wp\/v2\/pages\/80\/revisions\/600"}],"wp:attachment":[{"href":"https:\/\/hof-thiessen.de\/index.php\/wp-json\/wp\/v2\/media?parent=80"}],"curies":[{"name":"wp","href":"https:\/\/api.w.org\/{rel}","templated":true}]}}