{"id":81,"date":"2020-12-03T02:04:11","date_gmt":"2020-12-03T01:04:11","guid":{"rendered":"http:\/\/hof-thiessen.localhost\/?page_id=81"},"modified":"2024-06-10T16:34:35","modified_gmt":"2024-06-10T14:34:35","slug":"der-hof","status":"publish","type":"page","link":"https:\/\/hof-thiessen.de\/index.php\/der-hof\/","title":{"rendered":"Der Hof"},"content":{"rendered":"\n<p>Moin,<\/p>\n\n\n\n<p>wir sind ein Konventionell gef\u00fchrter Familienbetrieb mit dem Schwerpunkt Milch und Futterproduktion.<\/p>\n\n\n\n<div class=\"wp-block-image is-style-rounded\"><figure class=\"alignright size-large is-resized\"><img loading=\"lazy\" src=\"http:\/\/hof-thiessen.de\/wp-content\/uploads\/2021\/01\/willkommen-1024x768.jpg\" alt=\"\" class=\"wp-image-152\" width=\"336\" height=\"251\" srcset=\"https:\/\/hof-thiessen.de\/wp-content\/uploads\/2021\/01\/willkommen-1024x768.jpg 1024w, https:\/\/hof-thiessen.de\/wp-content\/uploads\/2021\/01\/willkommen-300x225.jpg 300w, https:\/\/hof-thiessen.de\/wp-content\/uploads\/2021\/01\/willkommen-768x576.jpg 768w, https:\/\/hof-thiessen.de\/wp-content\/uploads\/2021\/01\/willkommen-1536x1152.jpg 1536w, https:\/\/hof-thiessen.de\/wp-content\/uploads\/2021\/01\/willkommen-2048x1536.jpg 2048w\" sizes=\"(max-width: 336px) 100vw, 336px\" \/><\/figure><\/div>\n\n\n\n<p>Die Begeisterung f\u00fcr K\u00fche ist unser t\u00e4glicher Antrieb.<\/p>\n\n\n\n<p>Wir nutzen dazu die Erkenntnisse aus der Wissenschaft, unsere Erfahrung und die Energie der Menschen die uns begleiten um jeden Tag ein wenig besser zu werden.<\/p>\n\n\n\n<p>Es ist die herausfordernde Aufgabe den Tieren die bestm\u00f6glichen Bedingungen zu geben die die Arbeit so spannend macht.<\/p>\n\n\n\n<p>Zus\u00e4tzlich betreiben wir eine 265 KW Hof-Biogasanlage, Photovoltaik, Verkauf von Milch und regionalen Produkten \u00fcber Automaten sowie Kindergeburtstage und Hoff\u00fchrungen (Bauernhofp\u00e4dagogik)<\/p>\n\n\n\n<h2><strong>Historie<\/strong><\/h2>\n\n\n\n<div class=\"wp-block-group\"><div class=\"wp-block-group__inner-container\">\n<p>1564 erste urkundliche Erw\u00e4hnung des Hofes<\/p>\n\n\n\n<div class=\"wp-block-image\"><figure class=\"alignright size-large is-resized\"><img loading=\"lazy\" src=\"http:\/\/hof-thiessen.de\/wp-content\/uploads\/2021\/01\/Historische-Bild-Wohnhaus-5.jpg\" alt=\"\" class=\"wp-image-296\" width=\"223\" height=\"251\" srcset=\"https:\/\/hof-thiessen.de\/wp-content\/uploads\/2021\/01\/Historische-Bild-Wohnhaus-5.jpg 893w, https:\/\/hof-thiessen.de\/wp-content\/uploads\/2021\/01\/Historische-Bild-Wohnhaus-5-267x300.jpg 267w, https:\/\/hof-thiessen.de\/wp-content\/uploads\/2021\/01\/Historische-Bild-Wohnhaus-5-768x863.jpg 768w\" sizes=\"(max-width: 223px) 100vw, 223px\" \/><\/figure><\/div>\n\n\n\n<p>1911 Brand des gesamten Hofes und Wiederaufbau<\/p>\n\n\n\n<p>1979 Neubau eines Boxenlaufstalles f\u00fcr 70 K\u00fche + Nachzucht<\/p>\n\n\n\n<p>2003 Neubau Boxenlaufstall f\u00fcr 105 K\u00fche<\/p>\n\n\n\n<p>2010 Erweiterung des Boxenlaufstalles um 105 K\u00fche<\/p>\n\n\n\n<p>2012 Bau Hof-Biogasanlage 75 KW<\/p>\n\n\n\n<p>2014 Erweiterung Kuhstall um 100 Pl\u00e4tze und Strohbuchten<\/p>\n\n\n\n<p>2016 Einrichtung Milch und Warenautomat, Spielplatz und Sitzgelegenheiten<\/p>\n\n\n\n<p>2017 Erweiterung um  zertifizierte Bauernhof P\u00e4dagogik<\/p>\n\n\n\n<div class=\"wp-block-image\"><figure class=\"alignright size-large is-resized\"><img loading=\"lazy\" src=\"http:\/\/hof-thiessen.de\/wp-content\/uploads\/2021\/01\/Historische-Bild-Pferde-1024x481.jpg\" alt=\"\" class=\"wp-image-282\" width=\"256\" height=\"120\" srcset=\"https:\/\/hof-thiessen.de\/wp-content\/uploads\/2021\/01\/Historische-Bild-Pferde-1024x481.jpg 1024w, https:\/\/hof-thiessen.de\/wp-content\/uploads\/2021\/01\/Historische-Bild-Pferde-300x141.jpg 300w, https:\/\/hof-thiessen.de\/wp-content\/uploads\/2021\/01\/Historische-Bild-Pferde-768x361.jpg 768w, https:\/\/hof-thiessen.de\/wp-content\/uploads\/2021\/01\/Historische-Bild-Pferde.jpg 1332w\" sizes=\"(max-width: 256px) 100vw, 256px\" \/><\/figure><\/div>\n\n\n\n<p>2019 Stallerweiterung um 120 Pl\u00e4tze<\/p>\n\n\n\n<p>2020 Umstellung auf Melkroboter<\/p>\n<\/div><\/div>\n\n\n\n<h2><strong>Bewirtschaftete Fl\u00e4chen<\/strong><\/h2>\n\n\n\n<p>90 ha Mais<\/p>\n\n\n\n<p>95 ha Grassilage, 5 Schnitte<\/p>\n\n\n\n<p>10 ha R\u00fcben<\/p>\n\n\n\n<p>5 ha Weide<\/p>\n\n\n\n<figure class=\"wp-block-gallery columns-4 is-cropped\"><ul class=\"blocks-gallery-grid\"><li class=\"blocks-gallery-item\"><figure><a href=\"http:\/\/hof-thiessen.de\/wp-content\/uploads\/2021\/01\/feld1-scaled.jpg\"><img loading=\"lazy\" width=\"150\" height=\"150\" src=\"http:\/\/hof-thiessen.de\/wp-content\/uploads\/2021\/01\/feld1-150x150.jpg\" alt=\"\" data-id=\"156\" data-full-url=\"http:\/\/hof-thiessen.de\/wp-content\/uploads\/2021\/01\/feld1-scaled.jpg\" data-link=\"http:\/\/hof-thiessen.de\/feld1\/\" class=\"wp-image-156\" srcset=\"https:\/\/hof-thiessen.de\/wp-content\/uploads\/2021\/01\/feld1-150x150.jpg 150w, https:\/\/hof-thiessen.de\/wp-content\/uploads\/2021\/01\/feld1-100x100.jpg 100w\" sizes=\"(max-width: 150px) 100vw, 150px\" \/><\/a><\/figure><\/li><li class=\"blocks-gallery-item\"><figure><a href=\"http:\/\/hof-thiessen.de\/wp-content\/uploads\/2021\/01\/feld2.jpg\"><img loading=\"lazy\" width=\"150\" height=\"150\" src=\"http:\/\/hof-thiessen.de\/wp-content\/uploads\/2021\/01\/feld2-150x150.jpg\" alt=\"\" data-id=\"157\" data-full-url=\"http:\/\/hof-thiessen.de\/wp-content\/uploads\/2021\/01\/feld2.jpg\" data-link=\"http:\/\/hof-thiessen.de\/feld2\/\" class=\"wp-image-157\" srcset=\"https:\/\/hof-thiessen.de\/wp-content\/uploads\/2021\/01\/feld2-150x150.jpg 150w, https:\/\/hof-thiessen.de\/wp-content\/uploads\/2021\/01\/feld2-100x100.jpg 100w\" sizes=\"(max-width: 150px) 100vw, 150px\" \/><\/a><\/figure><\/li><li class=\"blocks-gallery-item\"><figure><a href=\"http:\/\/hof-thiessen.de\/wp-content\/uploads\/2021\/01\/feld3-scaled.jpg\"><img loading=\"lazy\" width=\"150\" height=\"150\" src=\"http:\/\/hof-thiessen.de\/wp-content\/uploads\/2021\/01\/feld3-150x150.jpg\" alt=\"\" data-id=\"158\" data-full-url=\"http:\/\/hof-thiessen.de\/wp-content\/uploads\/2021\/01\/feld3-scaled.jpg\" data-link=\"http:\/\/hof-thiessen.de\/feld3\/\" class=\"wp-image-158\" srcset=\"https:\/\/hof-thiessen.de\/wp-content\/uploads\/2021\/01\/feld3-150x150.jpg 150w, https:\/\/hof-thiessen.de\/wp-content\/uploads\/2021\/01\/feld3-100x100.jpg 100w\" sizes=\"(max-width: 150px) 100vw, 150px\" \/><\/a><\/figure><\/li><li class=\"blocks-gallery-item\"><figure><a href=\"http:\/\/hof-thiessen.de\/wp-content\/uploads\/2021\/01\/feld4-scaled.jpg\"><img loading=\"lazy\" width=\"150\" height=\"150\" src=\"http:\/\/hof-thiessen.de\/wp-content\/uploads\/2021\/01\/feld4-150x150.jpg\" alt=\"\" data-id=\"159\" data-full-url=\"http:\/\/hof-thiessen.de\/wp-content\/uploads\/2021\/01\/feld4-scaled.jpg\" data-link=\"http:\/\/hof-thiessen.de\/feld4\/\" class=\"wp-image-159\" srcset=\"https:\/\/hof-thiessen.de\/wp-content\/uploads\/2021\/01\/feld4-150x150.jpg 150w, https:\/\/hof-thiessen.de\/wp-content\/uploads\/2021\/01\/feld4-100x100.jpg 100w\" sizes=\"(max-width: 150px) 100vw, 150px\" \/><\/a><\/figure><\/li><\/ul><\/figure>\n\n\n\n<h2><strong>Zucht<\/strong><\/h2>\n\n\n\n<p>Wir setzen seit 30 Jahren auf 100 % K\u00fcnstliche Besamung. In 2019 sind wir mit <a rel=\"noreferrer noopener\" href=\"https:\/\/www.rsheg.de\/zucht\/kuhvision.html\" data-type=\"URL\" data-id=\"https:\/\/www.rsheg.de\/zucht\/kuhvision.html\" target=\"_blank\">Kuhvision <\/a>gestartet .<\/p>\n\n\n\n<figure class=\"wp-block-image size-large\"><a href=\"http:\/\/hof-thiessen.de\/wp-content\/uploads\/2021\/01\/zucht.jpg\" target=\"_blank\" rel=\"noopener\"><img loading=\"lazy\" width=\"1024\" height=\"351\" src=\"http:\/\/hof-thiessen.de\/wp-content\/uploads\/2021\/01\/zucht-e1610038409482-1024x351.jpg\" alt=\"\" class=\"wp-image-162\" srcset=\"https:\/\/hof-thiessen.de\/wp-content\/uploads\/2021\/01\/zucht-e1610038409482-1024x351.jpg 1024w, https:\/\/hof-thiessen.de\/wp-content\/uploads\/2021\/01\/zucht-e1610038409482-300x103.jpg 300w, https:\/\/hof-thiessen.de\/wp-content\/uploads\/2021\/01\/zucht-e1610038409482-768x263.jpg 768w, https:\/\/hof-thiessen.de\/wp-content\/uploads\/2021\/01\/zucht-e1610038409482-1536x526.jpg 1536w, https:\/\/hof-thiessen.de\/wp-content\/uploads\/2021\/01\/zucht-e1610038409482.jpg 1600w\" sizes=\"(max-width: 767px) 89vw, (max-width: 1000px) 54vw, (max-width: 1071px) 543px, 580px\" \/><\/a><\/figure>\n\n\n\n<h2><strong>St\u00e4lle<\/strong><\/h2>\n\n\n\n<p>K\u00e4lberiglus: 42 St\u00fcck unter einem Pultdach<\/p>\n\n\n\n<p>K\u00e4lberstall: 2 Fl\u00e4chen Stroh\/Spalten mit Gummiauflagen, Offenstall<\/p>\n\n\n\n<p>Trockensteherstall: 2 + 1 Reihe(n), Tiefliegeboxen, Spalteng\u00e4nge<\/p>\n\n\n\n<p>Kuhstall: 420 Pl\u00e4tze 3-reihigen Tiefboxenlaufstall ,mit Gummilaufg\u00e4ngen und Schieberentmistung<\/p>\n\n\n\n<p>Strohbereich: 350 m\u00b2 (Abkalber, Transit, Wochenrinnen, Kranke)<\/p>\n\n\n\n<p>Melken: 7 Lely A5 Roboter mit Klauenwaschanlage, Zellzahl \/ Fett \/Eiwei\u00df \/ Leitf\u00e4higkeitsmessung, Ermittlung Fressminuten und Aktivit\u00e4t und Kuhortung.<\/p>\n\n\n\n<p>Futterranschieber, alle St\u00e4lle mit L\u00fcfter, Kuhdusche und Kuhb\u00fcrsten ausgestattet<\/p>\n\n\n\n<p>Die Jungviehaufzucht ist ausgelagert.<\/p>\n\n\n\n<h2><strong>Maschinen<\/strong> (Auszug, Teil der Maschinen in Gemeinschaft)<\/h2>\n\n\n\n<div class=\"wp-block-image\"><figure class=\"alignright size-large is-resized\"><a href=\"http:\/\/hof-thiessen.de\/wp-content\/uploads\/2021\/01\/maschinen-scaled.jpg\" target=\"_blank\" rel=\"noopener\"><img loading=\"lazy\" src=\"http:\/\/hof-thiessen.de\/wp-content\/uploads\/2021\/01\/maschinen-1024x576.jpg\" alt=\"\" class=\"wp-image-164\" width=\"390\" height=\"219\" srcset=\"https:\/\/hof-thiessen.de\/wp-content\/uploads\/2021\/01\/maschinen-1024x576.jpg 1024w, https:\/\/hof-thiessen.de\/wp-content\/uploads\/2021\/01\/maschinen-300x169.jpg 300w, https:\/\/hof-thiessen.de\/wp-content\/uploads\/2021\/01\/maschinen-768x432.jpg 768w, https:\/\/hof-thiessen.de\/wp-content\/uploads\/2021\/01\/maschinen-1536x864.jpg 1536w, https:\/\/hof-thiessen.de\/wp-content\/uploads\/2021\/01\/maschinen-2048x1152.jpg 2048w\" sizes=\"(max-width: 390px) 100vw, 390px\" \/><\/a><\/figure><\/div>\n\n\n\n<p>John Deere 185 PS<\/p>\n\n\n\n<p>John Deere 125 PS<\/p>\n\n\n\n<p>Fendt 95 PS Frontlader<\/p>\n\n\n\n<p>Weidemann Teleskopradlader<\/p>\n\n\n\n<p>16m\u00b3 G\u00fcllewagen mit 18m Schleppschuh \/ G\u00fcllegrubber<\/p>\n\n\n\n<p>2.500 l Hardy Pflanzenschutzspritze gezogen (TrackGuide)<\/p>\n\n\n\n<p>BVL Vertikal Futtermischwagen 26 m\u00b3<\/p>\n\n\n\n<p>Kuhn Front und Heckm\u00e4hwerk, P\u00f6ttinger 14m Kehrer, P\u00f6ttinger 4 Kreiselschwader<\/p>\n\n\n\n<p>Amazone Kreiselegge\/Drillmaschine, 4-reihiges Maislegeger\u00e4t,<\/p>\n\n\n\n<p>Brix Scheibenegge, 4 Schar 20&#8243; Kverneland Pflug<\/p>\n\n\n\n<p>8t Bergmann Anh\u00e4nger, 16 t Mulde, Strohanh\u00e4nger, Reck Frontsiloverteiler<\/p>\n\n\n\n<h2><strong>Lohnunternehmer<\/strong><\/h2>\n\n\n\n<p>Gras \/ Mais h\u00e4ckseln<\/p>\n\n\n\n<p>Stroh pressen \/ h\u00e4ckseln<\/p>\n\n\n\n<p>G\u00fclle R\u00fchren<\/p>\n\n\n\n<p>R\u00fcbensaat \/ Ernte \/ Aufbereitung<\/p>\n\n\n\n<p>Klauenpflege (2 x j\u00e4hrlich)<\/p>\n","protected":false},"excerpt":{"rendered":"<p>Moin, wir sind ein Konventionell gef\u00fchrter Familienbetrieb mit dem Schwerpunkt Milch und Futterproduktion. Die Begeisterung f\u00fcr K\u00fche ist unser t\u00e4glicher Antrieb. Wir nutzen dazu die Erkenntnisse aus der Wissenschaft, unsere Erfahrung und die Energie der Menschen die uns begleiten um jeden Tag ein wenig besser zu werden. Es ist die herausfordernde Aufgabe den Tieren die &hellip; <\/p>\n<p class=\"link-more\"><a href=\"https:\/\/hof-thiessen.de\/index.php\/der-hof\/\" class=\"more-link\"><span class=\"screen-reader-text\">\u201eDer Hof\u201c<\/span> weiterlesen<\/a><\/p>\n","protected":false},"author":1,"featured_media":0,"parent":0,"menu_order":0,"comment_status":"closed","ping_status":"closed","template":"","meta":[],"_links":{"self":[{"href":"https:\/\/hof-thiessen.de\/index.php\/wp-json\/wp\/v2\/pages\/81"}],"collection":[{"href":"https:\/\/hof-thiessen.de\/index.php\/wp-json\/wp\/v2\/pages"}],"about":[{"href":"https:\/\/hof-thiessen.de\/index.php\/wp-json\/wp\/v2\/types\/page"}],"author":[{"embeddable":true,"href":"https:\/\/hof-thiessen.de\/index.php\/wp-json\/wp\/v2\/users\/1"}],"replies":[{"embeddable":true,"href":"https:\/\/hof-thiessen.de\/index.php\/wp-json\/wp\/v2\/comments?post=81"}],"version-history":[{"count":26,"href":"https:\/\/hof-thiessen.de\/index.php\/wp-json\/wp\/v2\/pages\/81\/revisions"}],"predecessor-version":[{"id":555,"href":"https:\/\/hof-thiessen.de\/index.php\/wp-json\/wp\/v2\/pages\/81\/revisions\/555"}],"wp:attachment":[{"href":"https:\/\/hof-thiessen.de\/index.php\/wp-json\/wp\/v2\/media?parent=81"}],"curies":[{"name":"wp","href":"https:\/\/api.w.org\/{rel}","templated":true}]}}